{"id":2722,"date":"2021-06-08T11:03:44","date_gmt":"2021-06-08T11:03:44","guid":{"rendered":"http:\/\/muzejcokolade.hr\/contact\/"},"modified":"2025-01-27T10:50:38","modified_gmt":"2025-01-27T09:50:38","slug":"contact","status":"publish","type":"page","link":"https:\/\/muzejcokolade.hr\/en\/contact\/","title":{"rendered":"Contact"},"content":{"rendered":"<p>[et_pb_section fb_built=&#8221;1&#8243; module_id=&#8221;kontakt&#8221; _builder_version=&#8221;4.16&#8243; _module_preset=&#8221;default&#8221; background_color=&#8221;#f9e4d6&#8243; custom_padding=&#8221;||50px||false|false&#8221; animation_style=&#8221;fade&#8221; animation_duration=&#8221;2000ms&#8221; animation_delay=&#8221;20ms&#8221; global_colors_info=&#8221;{}&#8221;][et_pb_row _builder_version=&#8221;4.16&#8243; _module_preset=&#8221;default&#8221; custom_padding=&#8221;||0px||false|false&#8221; global_colors_info=&#8221;{}&#8221;][et_pb_column type=&#8221;4_4&#8243; _builder_version=&#8221;4.16&#8243; _module_preset=&#8221;default&#8221; global_colors_info=&#8221;{}&#8221;][et_pb_text admin_label=&#8221;Kontakt i lokacija &#8211; naslov&#8221; module_class=&#8221;heading-line&#8221; _builder_version=&#8221;4.16&#8243; _module_preset=&#8221;default&#8221; header_text_align=&#8221;center&#8221; header_line_height=&#8221;1.3em&#8221; text_orientation=&#8221;center&#8221; header_font_size_tablet=&#8221;&#8221; header_font_size_phone=&#8221;34px&#8221; header_font_size_last_edited=&#8221;on|phone&#8221; global_colors_info=&#8221;{}&#8221; header_font_size__hover_enabled=&#8221;off|desktop&#8221;]<\/p>\n<h1>Contact and Location<\/h1>\n<p>[\/et_pb_text][\/et_pb_column][\/et_pb_row][et_pb_row column_structure=&#8221;1_2,1_2&#8243; _builder_version=&#8221;4.16&#8243; _module_preset=&#8221;default&#8221; max_width=&#8221;1000px&#8221; custom_padding=&#8221;||||false|false&#8221; global_colors_info=&#8221;{}&#8221;][et_pb_column type=&#8221;1_2&#8243; _builder_version=&#8221;4.16&#8243; _module_preset=&#8221;default&#8221; global_colors_info=&#8221;{}&#8221;][et_pb_text admin_label=&#8221;Lokacija i kontakt podaci &#8211; tekst&#8221; _builder_version=&#8221;4.27.4&#8243; _module_preset=&#8221;default&#8221; link_text_color=&#8221;#7b615a&#8221; text_orientation=&#8221;center&#8221; global_colors_info=&#8221;{}&#8221;]<\/p>\n<p>Muzej \u010dokolade Zagreb<br \/>Gunduli\u0107eva 26<br \/>10 000 Zagreb, Croatia<\/p>\n<p>Email: <a href=\"mailto:info@muzejcokolade.hr\">info@muzejcokolade.hr<\/a><\/p>\n<p>[\/et_pb_text][\/et_pb_column][et_pb_column type=&#8221;1_2&#8243; _builder_version=&#8221;4.16&#8243; _module_preset=&#8221;default&#8221; global_colors_info=&#8221;{}&#8221;][et_pb_text admin_label=&#8221;Lokacija i kontakt podaci &#8211; tekst&#8221; _builder_version=&#8221;4.16&#8243; _module_preset=&#8221;default&#8221; link_text_color=&#8221;#7b615a&#8221; text_orientation=&#8221;center&#8221; global_colors_info=&#8221;{}&#8221;]<\/p>\n<p>Head Office:<br \/>Svijet \u010dokolade d.o.o.<br \/>Mali potok 4<br \/>10 000 Zagreb, Croatia<br \/>OIB: 10937550508<br \/>MB: 05040159<\/p>\n<p>[\/et_pb_text][\/et_pb_column][\/et_pb_row][\/et_pb_section][et_pb_section fb_built=&#8221;1&#8243; module_id=&#8221;mapa&#8221; _builder_version=&#8221;4.16&#8243; _module_preset=&#8221;default&#8221; background_color=&#8221;#f9e4d6&#8243; custom_padding=&#8221;50px||0px||false|false&#8221; animation_style=&#8221;fade&#8221; animation_duration=&#8221;2000ms&#8221; animation_delay=&#8221;20ms&#8221; global_colors_info=&#8221;{}&#8221;][et_pb_row _builder_version=&#8221;4.16&#8243; _module_preset=&#8221;default&#8221; width=&#8221;100%&#8221; max_width=&#8221;100%&#8221; custom_padding=&#8221;0px||0px||false|false&#8221; global_colors_info=&#8221;{}&#8221;][et_pb_column type=&#8221;4_4&#8243; _builder_version=&#8221;4.16&#8243; _module_preset=&#8221;default&#8221; global_colors_info=&#8221;{}&#8221;][et_pb_code admin_label=&#8221;Mapa&#8221; _builder_version=&#8221;4.27.4&#8243; _module_preset=&#8221;default&#8221; hover_enabled=&#8221;0&#8243; global_colors_info=&#8221;{}&#8221; sticky_enabled=&#8221;0&#8243;]<iframe src=\"https:\/\/www.google.com\/maps\/embed?pb=!1m18!1m12!1m3!1d2781.080929750985!2d15.969839339864567!3d45.809637568133795!2m3!1f0!2f0!3f0!3m2!1i1024!2i768!4f13.1!3m3!1m2!1s0x4765d6fb6f043eb9%3A0x282ca783ab4e13ce!2sGunduli%C4%87eva%20ul.%2026%2C%2010000%2C%20Zagreb!5e0!3m2!1shr!2shr!4v1737971374882!5m2!1shr!2shr\" width=\"100%\" height=\"600\" style=\"border:0;\" allowfullscreen=\"\" loading=\"lazy\" referrerpolicy=\"no-referrer-when-downgrade\"><\/iframe>[\/et_pb_code][\/et_pb_column][\/et_pb_row][\/et_pb_section]<\/p>\n","protected":false},"excerpt":{"rendered":"<p>Contact and LocationMuzej \u010dokolade ZagrebGunduli\u0107eva 2610 000 Zagreb, Croatia Email: info@muzejcokolade.hrHead Office:Svijet \u010dokolade d.o.o.Mali potok 410 000 Zagreb, CroatiaOIB: 10937550508MB: 05040159<\/p>\n","protected":false},"author":1,"featured_media":0,"parent":0,"menu_order":0,"comment_status":"closed","ping_status":"closed","template":"","meta":{"_acf_changed":false,"_et_pb_use_builder":"on","_et_pb_old_content":"","_et_gb_content_width":"","footnotes":""},"class_list":["post-2722","page","type-page","status-publish","hentry"],"acf":[],"yoast_head":"<!-- This site is optimized with the Yoast SEO plugin v25.3.1 - https:\/\/yoast.com\/wordpress\/plugins\/seo\/ -->\n<title>Contact | Muzej \u010dokolade Zagreb<\/title>\n<meta name=\"description\" content=\"Muzej \u010dokolade Zagreb Gunduli\u0107eva 26 10 000 Zagreb, Croatia, Email: info@muzejcokolade.hr\" \/>\n<meta name=\"robots\" content=\"index, follow, max-snippet:-1, max-image-preview:large, max-video-preview:-1\" \/>\n<link rel=\"canonical\" href=\"https:\/\/muzejcokolade.hr\/kontakt\/\" \/>\n<meta property=\"og:locale\" content=\"en_US\" \/>\n<meta property=\"og:type\" content=\"article\" \/>\n<meta property=\"og:title\" content=\"Contact | Muzej \u010dokolade Zagreb\" \/>\n<meta property=\"og:description\" content=\"Muzej \u010dokolade Zagreb Gunduli\u0107eva 26 10 000 Zagreb, Croatia, Email: info@muzejcokolade.hr\" \/>\n<meta property=\"og:url\" content=\"https:\/\/muzejcokolade.hr\/kontakt\/\" \/>\n<meta property=\"og:site_name\" content=\"Muzej \u010dokolade Zagreb\" \/>\n<meta property=\"article:publisher\" content=\"https:\/\/www.facebook.com\/MuzejCokoladeZg\/\" \/>\n<meta property=\"article:modified_time\" content=\"2025-01-27T09:50:38+00:00\" \/>\n<meta property=\"og:image\" content=\"https:\/\/muzejcokolade.hr\/wp-content\/uploads\/2021\/07\/muzej-cokolade-zagreb.jpg\" \/>\n\t<meta property=\"og:image:width\" content=\"200\" \/>\n\t<meta property=\"og:image:height\" content=\"200\" \/>\n\t<meta property=\"og:image:type\" content=\"image\/jpeg\" \/>\n<meta name=\"twitter:card\" content=\"summary_large_image\" \/>\n<meta name=\"twitter:label1\" content=\"Est. reading time\" \/>\n\t<meta name=\"twitter:data1\" content=\"2 minutes\" \/>\n<script type=\"application\/ld+json\" class=\"yoast-schema-graph\">{\"@context\":\"https:\/\/schema.org\",\"@graph\":[{\"@type\":\"WebPage\",\"@id\":\"https:\/\/muzejcokolade.hr\/kontakt\/\",\"url\":\"https:\/\/muzejcokolade.hr\/kontakt\/\",\"name\":\"Contact | Muzej \u010dokolade Zagreb\",\"isPartOf\":{\"@id\":\"https:\/\/muzejcokolade.hr\/#website\"},\"datePublished\":\"2021-06-08T11:03:44+00:00\",\"dateModified\":\"2025-01-27T09:50:38+00:00\",\"description\":\"Muzej \u010dokolade Zagreb Gunduli\u0107eva 26 10 000 Zagreb, Croatia, Email: info@muzejcokolade.hr\",\"breadcrumb\":{\"@id\":\"https:\/\/muzejcokolade.hr\/kontakt\/#breadcrumb\"},\"inLanguage\":\"en-US\",\"potentialAction\":[{\"@type\":\"ReadAction\",\"target\":[\"https:\/\/muzejcokolade.hr\/kontakt\/\"]}]},{\"@type\":\"BreadcrumbList\",\"@id\":\"https:\/\/muzejcokolade.hr\/kontakt\/#breadcrumb\",\"itemListElement\":[{\"@type\":\"ListItem\",\"position\":1,\"name\":\"Po\u010detna stranica\",\"item\":\"https:\/\/muzejcokolade.hr\/\"},{\"@type\":\"ListItem\",\"position\":2,\"name\":\"Contact\"}]},{\"@type\":\"WebSite\",\"@id\":\"https:\/\/muzejcokolade.hr\/#website\",\"url\":\"https:\/\/muzejcokolade.hr\/\",\"name\":\"Muzej \u010dokolade Zagreb\",\"description\":\"The sweetest museum in Croatia\",\"publisher\":{\"@id\":\"https:\/\/muzejcokolade.hr\/#organization\"},\"potentialAction\":[{\"@type\":\"SearchAction\",\"target\":{\"@type\":\"EntryPoint\",\"urlTemplate\":\"https:\/\/muzejcokolade.hr\/?s={search_term_string}\"},\"query-input\":{\"@type\":\"PropertyValueSpecification\",\"valueRequired\":true,\"valueName\":\"search_term_string\"}}],\"inLanguage\":\"en-US\"},{\"@type\":\"Organization\",\"@id\":\"https:\/\/muzejcokolade.hr\/#organization\",\"name\":\"Muzej \u010dokolade Zagreb\",\"url\":\"https:\/\/muzejcokolade.hr\/\",\"logo\":{\"@type\":\"ImageObject\",\"inLanguage\":\"en-US\",\"@id\":\"https:\/\/muzejcokolade.hr\/#\/schema\/logo\/image\/\",\"url\":\"https:\/\/muzejcokolade.hr\/wp-content\/uploads\/2021\/03\/logo.png\",\"contentUrl\":\"https:\/\/muzejcokolade.hr\/wp-content\/uploads\/2021\/03\/logo.png\",\"width\":311,\"height\":86,\"caption\":\"Muzej \u010dokolade Zagreb\"},\"image\":{\"@id\":\"https:\/\/muzejcokolade.hr\/#\/schema\/logo\/image\/\"},\"sameAs\":[\"https:\/\/www.facebook.com\/MuzejCokoladeZg\/\",\"https:\/\/www.instagram.com\/chocolatemuseumzagreb\/\"]}]}<\/script>\n<!-- \/ Yoast SEO plugin. -->","yoast_head_json":{"title":"Contact | Muzej \u010dokolade Zagreb","description":"Muzej \u010dokolade Zagreb Gunduli\u0107eva 26 10 000 Zagreb, Croatia, Email: info@muzejcokolade.hr","robots":{"index":"index","follow":"follow","max-snippet":"max-snippet:-1","max-image-preview":"max-image-preview:large","max-video-preview":"max-video-preview:-1"},"canonical":"https:\/\/muzejcokolade.hr\/kontakt\/","og_locale":"en_US","og_type":"article","og_title":"Contact | Muzej \u010dokolade Zagreb","og_description":"Muzej \u010dokolade Zagreb Gunduli\u0107eva 26 10 000 Zagreb, Croatia, Email: info@muzejcokolade.hr","og_url":"https:\/\/muzejcokolade.hr\/kontakt\/","og_site_name":"Muzej \u010dokolade Zagreb","article_publisher":"https:\/\/www.facebook.com\/MuzejCokoladeZg\/","article_modified_time":"2025-01-27T09:50:38+00:00","og_image":[{"width":200,"height":200,"url":"https:\/\/muzejcokolade.hr\/wp-content\/uploads\/2021\/07\/muzej-cokolade-zagreb.jpg","type":"image\/jpeg"}],"twitter_card":"summary_large_image","twitter_misc":{"Est. reading time":"2 minutes"},"schema":{"@context":"https:\/\/schema.org","@graph":[{"@type":"WebPage","@id":"https:\/\/muzejcokolade.hr\/kontakt\/","url":"https:\/\/muzejcokolade.hr\/kontakt\/","name":"Contact | Muzej \u010dokolade Zagreb","isPartOf":{"@id":"https:\/\/muzejcokolade.hr\/#website"},"datePublished":"2021-06-08T11:03:44+00:00","dateModified":"2025-01-27T09:50:38+00:00","description":"Muzej \u010dokolade Zagreb Gunduli\u0107eva 26 10 000 Zagreb, Croatia, Email: info@muzejcokolade.hr","breadcrumb":{"@id":"https:\/\/muzejcokolade.hr\/kontakt\/#breadcrumb"},"inLanguage":"en-US","potentialAction":[{"@type":"ReadAction","target":["https:\/\/muzejcokolade.hr\/kontakt\/"]}]},{"@type":"BreadcrumbList","@id":"https:\/\/muzejcokolade.hr\/kontakt\/#breadcrumb","itemListElement":[{"@type":"ListItem","position":1,"name":"Po\u010detna stranica","item":"https:\/\/muzejcokolade.hr\/"},{"@type":"ListItem","position":2,"name":"Contact"}]},{"@type":"WebSite","@id":"https:\/\/muzejcokolade.hr\/#website","url":"https:\/\/muzejcokolade.hr\/","name":"Muzej \u010dokolade Zagreb","description":"The sweetest museum in Croatia","publisher":{"@id":"https:\/\/muzejcokolade.hr\/#organization"},"potentialAction":[{"@type":"SearchAction","target":{"@type":"EntryPoint","urlTemplate":"https:\/\/muzejcokolade.hr\/?s={search_term_string}"},"query-input":{"@type":"PropertyValueSpecification","valueRequired":true,"valueName":"search_term_string"}}],"inLanguage":"en-US"},{"@type":"Organization","@id":"https:\/\/muzejcokolade.hr\/#organization","name":"Muzej \u010dokolade Zagreb","url":"https:\/\/muzejcokolade.hr\/","logo":{"@type":"ImageObject","inLanguage":"en-US","@id":"https:\/\/muzejcokolade.hr\/#\/schema\/logo\/image\/","url":"https:\/\/muzejcokolade.hr\/wp-content\/uploads\/2021\/03\/logo.png","contentUrl":"https:\/\/muzejcokolade.hr\/wp-content\/uploads\/2021\/03\/logo.png","width":311,"height":86,"caption":"Muzej \u010dokolade Zagreb"},"image":{"@id":"https:\/\/muzejcokolade.hr\/#\/schema\/logo\/image\/"},"sameAs":["https:\/\/www.facebook.com\/MuzejCokoladeZg\/","https:\/\/www.instagram.com\/chocolatemuseumzagreb\/"]}]}},"_links":{"self":[{"href":"https:\/\/muzejcokolade.hr\/en\/wp-json\/wp\/v2\/pages\/2722","targetHints":{"allow":["GET"]}}],"collection":[{"href":"https:\/\/muzejcokolade.hr\/en\/wp-json\/wp\/v2\/pages"}],"about":[{"href":"https:\/\/muzejcokolade.hr\/en\/wp-json\/wp\/v2\/types\/page"}],"author":[{"embeddable":true,"href":"https:\/\/muzejcokolade.hr\/en\/wp-json\/wp\/v2\/users\/1"}],"replies":[{"embeddable":true,"href":"https:\/\/muzejcokolade.hr\/en\/wp-json\/wp\/v2\/comments?post=2722"}],"version-history":[{"count":24,"href":"https:\/\/muzejcokolade.hr\/en\/wp-json\/wp\/v2\/pages\/2722\/revisions"}],"predecessor-version":[{"id":15373,"href":"https:\/\/muzejcokolade.hr\/en\/wp-json\/wp\/v2\/pages\/2722\/revisions\/15373"}],"wp:attachment":[{"href":"https:\/\/muzejcokolade.hr\/en\/wp-json\/wp\/v2\/media?parent=2722"}],"curies":[{"name":"wp","href":"https:\/\/api.w.org\/{rel}","templated":true}]}}