{"id":2772,"date":"2021-06-08T13:44:22","date_gmt":"2021-06-08T13:44:22","guid":{"rendered":"http:\/\/muzejcokolade.hr\/general-terms-and-conditions\/"},"modified":"2026-01-10T10:55:06","modified_gmt":"2026-01-10T09:55:06","slug":"general-terms-and-conditions","status":"publish","type":"page","link":"https:\/\/muzejcokolade.hr\/en\/general-terms-and-conditions\/","title":{"rendered":"General Terms and Conditions"},"content":{"rendered":"<p>[et_pb_section fb_built=&#8221;1&#8243; _builder_version=&#8221;4.16&#8243; _module_preset=&#8221;default&#8221; background_color=&#8221;#f9e4d6&#8243; animation_style=&#8221;fade&#8221; animation_duration=&#8221;2000ms&#8221; animation_delay=&#8221;20ms&#8221; global_colors_info=&#8221;{}&#8221;][et_pb_row _builder_version=&#8221;4.16&#8243; _module_preset=&#8221;default&#8221; global_colors_info=&#8221;{}&#8221;][et_pb_column type=&#8221;4_4&#8243; _builder_version=&#8221;4.16&#8243; _module_preset=&#8221;default&#8221; global_colors_info=&#8221;{}&#8221;][et_pb_text admin_label=&#8221;Op\u0107i uvjeti poslovanja &#8211; tekst&#8221; _builder_version=&#8221;4.27.4&#8243; _module_preset=&#8221;default&#8221; link_font=&#8221;|700|||on||||&#8221; link_text_color=&#8221;#7b615a&#8221; header_line_height=&#8221;1.3em&#8221; hover_enabled=&#8221;0&#8243; header_font_size_tablet=&#8221;&#8221; header_font_size_phone=&#8221;34px&#8221; header_font_size_last_edited=&#8221;on|phone&#8221; global_colors_info=&#8221;{}&#8221; sticky_enabled=&#8221;0&#8243;]<\/p>\n<h1>General Terms and Conditions<\/h1>\n<p>&nbsp;<\/p>\n<p><strong> General Terms and Conditions: <\/strong><\/p>\n<p>Here you can find important information about shopping at Svijet \u010dokolade d.o.o.<\/p>\n<p>&nbsp;<\/p>\n<p><strong> 1. Concluding a contract <\/strong><\/p>\n<p>By pressing the &#8220;Order&#8221; button, you send a binding order for the goods in the cart. The order confirmation is issued immediately after the order is sent and represents the acceptance of the contract.<\/p>\n<p>&nbsp;<\/p>\n<p><strong> 2. Termination instructions <\/strong><\/p>\n<p>Right to terminate<\/p>\n<p data-start=\"106\" data-end=\"439\">By purchasing a workshop ticket via the webshop for an event held on a <strong data-start=\"177\" data-end=\"217\">specific date and at a specific time<\/strong>, the customer expressly confirms that they are aware that, pursuant to <strong data-start=\"289\" data-end=\"334\">Article 86 of the Consumer Protection Act<\/strong>, the <strong data-start=\"340\" data-end=\"422\">right to unilaterally withdraw from the contract within 14 days does not apply<\/strong> to this service.<\/p>\n<p data-start=\"441\" data-end=\"620\">This is a <strong data-start=\"451\" data-end=\"521\">leisure-related service provided at a pre-determined date and time<\/strong>, and therefore the customer is <strong data-start=\"553\" data-end=\"619\">not entitled to a refund after the purchase has been completed<\/strong>.<\/p>\n<p data-start=\"622\" data-end=\"823\">In the event that the merchant cancels the workshop for justified reasons, the customer will be offered either a <strong data-start=\"735\" data-end=\"769\">full refund of the amount paid<\/strong> or an <strong data-start=\"776\" data-end=\"796\">alternative date<\/strong>, at the customer\u2019s choice.<\/p>\n<p data-start=\"825\" data-end=\"1041\">For the purchase of tickets via the webshop <strong data-start=\"869\" data-end=\"930\">that do not have a clearly defined date and time of visit<\/strong>, you have the right to <strong data-start=\"954\" data-end=\"1012\">unilaterally withdraw from the contract within 14 days<\/strong>, without stating any reason.<\/p>\n<p data-start=\"1043\" data-end=\"1222\">The right of withdrawal expires <strong data-start=\"1075\" data-end=\"1171\">14 days from the date on which you received the tickets by email containing a unique QR code<\/strong>, provided that the tickets have <strong data-start=\"1204\" data-end=\"1221\">not been used<\/strong>.<\/p>\n<p data-start=\"1224\" data-end=\"1496\">To exercise your right of withdrawal, you must inform us (<strong data-start=\"1284\" data-end=\"1369\">SVIJET \u010cOKOLADE d.o.o., Mali potok 4, 10000 Zagreb, e-mail: <a class=\"decorated-link cursor-pointer\" rel=\"noopener\" data-start=\"1346\" data-end=\"1367\">info@muzejcokolade.hr<\/a><\/strong>) of your decision to withdraw from the contract by means of a <strong data-start=\"1434\" data-end=\"1453\">clear statement<\/strong> (e.g. a letter sent by post or by e-mail).<\/p>\n<p data-start=\"1498\" data-end=\"1799\">To meet the withdrawal deadline, it is sufficient to send your notification regarding the exercise of your right of withdrawal <strong data-start=\"1625\" data-end=\"1665\">before the withdrawal period expires<\/strong>. In your notification, you are required to state the <strong data-start=\"1719\" data-end=\"1735\">order number<\/strong>, <strong data-start=\"1737\" data-end=\"1753\">invoice date<\/strong>, <strong data-start=\"1755\" data-end=\"1773\">payment method<\/strong>, and <strong data-start=\"1779\" data-end=\"1798\">date of payment<\/strong>.<\/p>\n<p>&nbsp;<\/p>\n<p>Termination Effects<\/p>\n<p>In the event of unilateral termination of the contract, we will refund all payments we have received from you, without undue delay and in any case no later than 14 days from the date we are notified of your decision to unilaterally terminate this contract. We will refund using the same payment method you used for the initial transaction, unless expressly agreed otherwise; in any case, you will not incur any additional fees as a result of such reimbursement. We reserve the right to a refund until we receive a refund and determine the status of unused tickets.<\/p>\n<p>&nbsp;<\/p>\n<p><strong> 3. Shipping <\/strong><\/p>\n<p>Ticket orders are only delivered via email server. Each ticket has a unique QR code that is canceled at the box office of the Zagreb Chocolate Museum upon entering the Zagreb Chocolate Museum. Each ticket is only valid for a single entry to the museum.<\/p>\n<p>&nbsp;<\/p>\n<p><strong> 4. Funds <\/strong><\/p>\n<p>Payment is possible with credit cards (Diners, Visa, MasterCard, Maestro, Discover).<\/p>\n<ul class=\"logo-list\">\n<li>&lt;atitle=&#8221;DinersClubInternational&#8221;href=&#8221;https:\/\/www.diners.hr\/hr&#8221;target=&#8221;_blank&#8221;rel=&#8221;noopener&#8221;&gt; <img decoding=\"async\" class=\"alignnone wp-image-2432 size -full \" src=\" http:\/\/muzejcokolade.hr\/wp-content\/uploads\/2021\/05\/diners50.png \" alt=\" Diners Club International \" width=\" 66 \" height=\" 50 \" \/> &lt;\/ a &gt;<\/li>\n<li>&lt;atitle=&#8221;Visa&#8221;href=&#8221;https:\/\/www.visa.com.hr\/&#8221;target=&#8221;_blank&#8221;rel=&#8221;noopener&#8221;&gt; <img decoding=\"async\" class=\"wp-image-2426 alignnone size- full \" src=\" http:\/\/muzejcokolade.hr\/wp-content\/uploads\/2021\/05\/Visa50.gif \" alt=\" Visa \" width=\" 80 \" height=\" 50 \" \/> &lt;\/ li&gt;<\/li>\n<li>&lt;atitle=&#8221;MasterCard&#8221;href=&#8221;https:\/\/www.mastercard.com\/en\/&#8221;target=&#8221;_blank&#8221;rel=&#8221;noopener&#8221;&gt; <img decoding=\"async\" class=\"wp-image-2430 alignnone size- full \" src=\" http:\/\/muzejcokolade.hr\/wp-content\/uploads\/2021\/05\/MasterCard50.gif \" alt=\" MasterCard \" width=\" 80 \" height=\" 50 \" \/> &lt;\/ li&gt;<\/li>\n<li>&lt;atitle=&#8221;Maestro&#8221;href=&#8221;https:\/\/www.mastercard.com\/en\/&#8221;target=&#8221;_blank&#8221;rel=&#8221;noopener&#8221;&gt; <img decoding=\"async\" class=\"wp-image-2428 alignnone size- full \" src=\" http:\/\/muzejcokolade.hr\/wp-content\/uploads\/2021\/05\/maestro50.gif \" alt=\" Maestro \" width=\" 80 \" height=\" 50 \" \/> &lt;\/ li&gt;<\/li>\n<li>&lt;atitle=&#8221;Discover&#8221;href=&#8221;https:\/\/www.discover.com\/&#8221;target=&#8221;_blank&#8221;rel=&#8221;noopener&#8221;&gt; <img loading=\"lazy\" decoding=\"async\" class=\"wp-image-2435 alignnone size-full\" src=\"https:\/\/muzejcokolade.hr\/wp-content\/uploads\/2021\/05\/discover50.png\" alt=\"Discover\" width=\"77\" height=\"50\" \/><\/li>\n<\/ul>\n<p>&nbsp;<\/p>\n<p>Credit card payment<\/p>\n<p>During the order process, you pay the amount immediately by entering your credit card information. Upon shipment, your credit card will, after deducting the discount, coupon, etc., as the case may be, be charged the actual amount of the bill. In relation to goods made to the consumer&#8217;s specification or tailored to the consumer, there is an immediate credit card charge with the actual amount of the invoice after deducting discounts, coupons and the like.<\/p>\n<p>Settle payment<\/p>\n<p>About the &lt;ahref=&#8221;https:\/\/settle.eu\/legal-terms\/&#8221;target=&#8221;_blank&#8221;rel=&#8221;noopener&#8221;&gt; Terms of Use of the app, users can learn while activating it. &lt;\/\/ p&gt;<\/p>\n<p>&nbsp;<\/p>\n<p><strong> 5. WSPay Usage Statement <\/strong><\/p>\n<p>The Zagreb Chocolate Museum uses WSPay for online payments.<\/p>\n<ul class=\"logo-list\">\n<li><a title=\"WSpay - Web Secure Payment Gateway\" href=\"https:\/\/www.wspay.info\" target=\"_blank\" rel=\"noopener\"><img decoding=\"async\" src=\"\/wp-content\/uploads\/2021\/05\/wsPayWebSecureLogo-118x50-transparent.png\" alt=\"WSpay - Web Secure Payment Gateway\" \/><\/a><\/li>\n<li><a title=\"Mastercard Identity Check\" href=\"https:\/\/www.mastercard.us\/en-us.html\" target=\"_blank\" rel=\"noopener\"><img decoding=\"async\" src=\"\/wp-content\/uploads\/2021\/05\/mastercard-identity-check.png\" alt=\"Mastercard Identity Check\" \/><\/a><\/li>\n<li><a title=\"Visa Secure\" href=\"https:\/\/www.visa.co.uk\/pay-with-visa\/featured-technologies\/verified-by-visa.html\" target=\"_blank\" rel=\"noopener\"><img decoding=\"async\" src=\"\/wp-content\/uploads\/2021\/05\/visa-secure.png\" alt=\"Visa Secure\" \/><\/a><\/li>\n<li><a title=\"VerifiedbyVisa\" href=\"https:\/\/www.visa.com.hr\/placajte-visa-karticom\/featured-technologies\/verified-by-visa.html\" target=\"_blank\" rel=\"noopener\"><img decoding=\"async\" src=\"\/wp-content\/uploads\/2021\/05\/VerifiedbyVisa.jpg\" alt=\"VerifiedbyVisa\" \/><\/a><\/li>\n<\/ul>\n<p>WSPay is a secure system for online payment, real-time payment, credit and debit cards, and other payment methods. WSPay provides the customer and merchant with secure registration and transfer of entered card data, which is confirmed by the PCI DSS certificate that WSPay has. WSPay uses SSL certification for 256-bit encryption and the TLS 1.2 cryptographic protocol as the highest levels of protection when writing and transferring data.<\/p>\n<p>&nbsp;<\/p>\n<p><strong> 6. Statement on the protection and collection of personal data and their use <\/strong><\/p>\n<p>www.muzejcokolade.hr undertakes to provide protection of personal data of customers, in a way that collects only the necessary, basic data on customers \/ users that are necessary to fulfill our obligations; informs customers about how to use the collected data, regularly gives customers a choice about the use of their data, including the ability to decide whether or not to have their name removed from the lists used for marketing campaigns. All user data is strictly kept and is only available to employees who need this data to do the job. All employees of www.muzejcokolade.hr and business partners are responsible for respecting the principles of privacy protection.<\/p>\n<p>Conversion statement, for foreign customers: <br \/>All payments will be effected in Croatian currency. The amount charged on your credit card account is converted into your local currency according to the exchange rate of credit card associations.<\/p>\n<p>&nbsp;<\/p>\n<p><strong> 7. Privacy Statement <\/strong><\/p>\n<p>Protection of personal data in accordance with the General Data Protection Regulation of the European Parliament and of the Council No. 2016\/679-Regulation and the implementation of the General Data Protection Regulation <br \/>WSPay, as the executor of authorization and payment of credit cards, handles personal data as processor and handles personal data in accordance with the General Data Protection Regulation of the European Parliament and the Council No. 2016\/679 and the strict rules of the PCI DSS L1 regulation on the protection of data entry and transmission. <br \/>WSPay uses SSL certificate 256 bit encryption and TLS 1.2 cryptographic protocol as the highest level of protection in data entry and transmission.<\/p>\n<p>Personal data used for the purpose of authorization and collection, ie in the execution of obligations under the Agreement or under the Agreement, are considered confidential data. <br \/>The following personal data of the customer are required for the execution of the Agreement (authorization and collection): &lt;\/ p &gt;<\/p>\n<ul>\n<li>Name and surname<\/li>\n<li>Email<\/li>\n<li>Phone<\/li>\n<li>Address<\/li>\n<li>Location<\/li>\n<li>Postcode<\/li>\n<li>Country<\/li>\n<li>Card type<\/li>\n<li>Card number<\/li>\n<li>Card life<\/li>\n<li>CVV card code<\/li>\n<\/ul>\n<p>WSPay does not process or use this personal data except for the purpose of executing the authorization and collection contract. <br \/>WSPay guarantees the fulfillment of all conditions set by the applicable regulations on personal data protection for personal data processors, and in particular all necessary technical, organizational and security measures, and this is especially confirmed by the PCI DSS L1 certificate.<\/p>\n<p>&nbsp;<\/p>\n<p><strong> 8. Contract language \/ order text storage <\/strong><\/p>\n<p>The contract is concluded in Croatian. We do not store the order text and it can no longer be accessed after the order process is completed. However, you can print the order text immediately after placing your order.<\/p>\n<p>&nbsp;<\/p>\n<p><strong> 9. Provider Information <\/strong><\/p>\n<p><strong data-start=\"32\" data-end=\"55\">Svijet \u010dokolade d.o.o.<br \/>Registered address:<\/strong> Mali potok 4, 10000 Zagreb, Croatia<br \/><strong data-start=\"94\" data-end=\"103\" data-is-only-node=\"\">Tel.:<\/strong> +385 1 2092 966<br data-start=\"119\" data-end=\"122\" \/><strong data-start=\"122\" data-end=\"133\">E-mail:<\/strong> <a class=\"decorated-link cursor-pointer\" rel=\"noopener\" data-start=\"134\" data-end=\"155\">info@muzejcokolade.hr<\/a><br data-start=\"155\" data-end=\"158\" \/><strong data-start=\"158\" data-end=\"175\">OIB (Tax ID):<\/strong> 10937550508, <strong data-start=\"189\" data-end=\"210\">MB (Company No.):<\/strong> 05040159<br data-start=\"219\" data-end=\"222\" \/><strong data-start=\"222\" data-end=\"239\">Giro account:<\/strong> HR6723400091110988620 at Privredna banka Zagreb<br data-start=\"287\" data-end=\"290\" \/><strong data-start=\"290\" data-end=\"308\">Share capital:<\/strong> EUR 2,650.00 paid in full<br data-start=\"334\" data-end=\"337\" \/>The entity is registered with the Commercial Court in Zagreb, decision no. Zg Tt-19\/3183-2<br data-start=\"427\" data-end=\"430\" \/><strong data-start=\"430\" data-end=\"443\">Director:<\/strong> Ru\u017eica Bo\u017ei\u0107 Cerovac<\/p>\n<p>[\/et_pb_text][\/et_pb_column][\/et_pb_row][\/et_pb_section]<\/p>\n","protected":false},"excerpt":{"rendered":"<p>General Terms and Conditions &nbsp; General Terms and Conditions: Here you can find important information about shopping at Svijet \u010dokolade d.o.o. &nbsp; 1. Concluding a contract By pressing the &#8220;Order&#8221; button, you send a binding order for the goods in the cart. The order confirmation is issued immediately after the order is sent and represents [&hellip;]<\/p>\n","protected":false},"author":1,"featured_media":0,"parent":0,"menu_order":0,"comment_status":"closed","ping_status":"closed","template":"","meta":{"_acf_changed":false,"_et_pb_use_builder":"on","_et_pb_old_content":"","_et_gb_content_width":"","footnotes":""},"class_list":["post-2772","page","type-page","status-publish","hentry"],"acf":[],"yoast_head":"<!-- This site is optimized with the Yoast SEO plugin v25.3.1 - https:\/\/yoast.com\/wordpress\/plugins\/seo\/ -->\n<title>General Terms and Conditions | Muzej \u010dokolade Zagreb<\/title>\n<meta name=\"robots\" content=\"index, follow, max-snippet:-1, max-image-preview:large, max-video-preview:-1\" \/>\n<link rel=\"canonical\" href=\"https:\/\/muzejcokolade.hr\/opci-uvjeti-poslovanja\/\" \/>\n<meta property=\"og:locale\" content=\"en_US\" \/>\n<meta property=\"og:type\" content=\"article\" \/>\n<meta property=\"og:title\" content=\"General Terms and Conditions | Muzej \u010dokolade Zagreb\" \/>\n<meta property=\"og:description\" content=\"General Terms and Conditions &nbsp; General Terms and Conditions: Here you can find important information about shopping at Svijet \u010dokolade d.o.o. &nbsp; 1. Concluding a contract By pressing the &quot;Order&quot; button, you send a binding order for the goods in the cart. The order confirmation is issued immediately after the order is sent and represents [&hellip;]\" \/>\n<meta property=\"og:url\" content=\"https:\/\/muzejcokolade.hr\/opci-uvjeti-poslovanja\/\" \/>\n<meta property=\"og:site_name\" content=\"Muzej \u010dokolade Zagreb\" \/>\n<meta property=\"article:publisher\" content=\"https:\/\/www.facebook.com\/MuzejCokoladeZg\/\" \/>\n<meta property=\"article:modified_time\" content=\"2026-01-10T09:55:06+00:00\" \/>\n<meta property=\"og:image\" content=\"https:\/\/muzejcokolade.hr\/wp-content\/uploads\/2021\/05\/discover50.png\" \/>\n<meta name=\"twitter:card\" content=\"summary_large_image\" \/>\n<meta name=\"twitter:label1\" content=\"Est. reading time\" \/>\n\t<meta name=\"twitter:data1\" content=\"7 minutes\" \/>\n<script type=\"application\/ld+json\" class=\"yoast-schema-graph\">{\"@context\":\"https:\/\/schema.org\",\"@graph\":[{\"@type\":\"WebPage\",\"@id\":\"https:\/\/muzejcokolade.hr\/opci-uvjeti-poslovanja\/\",\"url\":\"https:\/\/muzejcokolade.hr\/opci-uvjeti-poslovanja\/\",\"name\":\"General Terms and Conditions | Muzej \u010dokolade Zagreb\",\"isPartOf\":{\"@id\":\"https:\/\/muzejcokolade.hr\/#website\"},\"primaryImageOfPage\":{\"@id\":\"https:\/\/muzejcokolade.hr\/opci-uvjeti-poslovanja\/#primaryimage\"},\"image\":{\"@id\":\"https:\/\/muzejcokolade.hr\/opci-uvjeti-poslovanja\/#primaryimage\"},\"thumbnailUrl\":\"https:\/\/muzejcokolade.hr\/wp-content\/uploads\/2021\/05\/discover50.png\",\"datePublished\":\"2021-06-08T13:44:22+00:00\",\"dateModified\":\"2026-01-10T09:55:06+00:00\",\"breadcrumb\":{\"@id\":\"https:\/\/muzejcokolade.hr\/opci-uvjeti-poslovanja\/#breadcrumb\"},\"inLanguage\":\"en-US\",\"potentialAction\":[{\"@type\":\"ReadAction\",\"target\":[\"https:\/\/muzejcokolade.hr\/opci-uvjeti-poslovanja\/\"]}]},{\"@type\":\"ImageObject\",\"inLanguage\":\"en-US\",\"@id\":\"https:\/\/muzejcokolade.hr\/opci-uvjeti-poslovanja\/#primaryimage\",\"url\":\"https:\/\/muzejcokolade.hr\/wp-content\/uploads\/2021\/05\/discover50.png\",\"contentUrl\":\"https:\/\/muzejcokolade.hr\/wp-content\/uploads\/2021\/05\/discover50.png\"},{\"@type\":\"BreadcrumbList\",\"@id\":\"https:\/\/muzejcokolade.hr\/opci-uvjeti-poslovanja\/#breadcrumb\",\"itemListElement\":[{\"@type\":\"ListItem\",\"position\":1,\"name\":\"Po\u010detna stranica\",\"item\":\"https:\/\/muzejcokolade.hr\/\"},{\"@type\":\"ListItem\",\"position\":2,\"name\":\"General Terms and Conditions\"}]},{\"@type\":\"WebSite\",\"@id\":\"https:\/\/muzejcokolade.hr\/#website\",\"url\":\"https:\/\/muzejcokolade.hr\/\",\"name\":\"Muzej \u010dokolade Zagreb\",\"description\":\"The sweetest museum in Croatia\",\"publisher\":{\"@id\":\"https:\/\/muzejcokolade.hr\/#organization\"},\"potentialAction\":[{\"@type\":\"SearchAction\",\"target\":{\"@type\":\"EntryPoint\",\"urlTemplate\":\"https:\/\/muzejcokolade.hr\/?s={search_term_string}\"},\"query-input\":{\"@type\":\"PropertyValueSpecification\",\"valueRequired\":true,\"valueName\":\"search_term_string\"}}],\"inLanguage\":\"en-US\"},{\"@type\":\"Organization\",\"@id\":\"https:\/\/muzejcokolade.hr\/#organization\",\"name\":\"Muzej \u010dokolade Zagreb\",\"url\":\"https:\/\/muzejcokolade.hr\/\",\"logo\":{\"@type\":\"ImageObject\",\"inLanguage\":\"en-US\",\"@id\":\"https:\/\/muzejcokolade.hr\/#\/schema\/logo\/image\/\",\"url\":\"https:\/\/muzejcokolade.hr\/wp-content\/uploads\/2021\/03\/logo.png\",\"contentUrl\":\"https:\/\/muzejcokolade.hr\/wp-content\/uploads\/2021\/03\/logo.png\",\"width\":311,\"height\":86,\"caption\":\"Muzej \u010dokolade Zagreb\"},\"image\":{\"@id\":\"https:\/\/muzejcokolade.hr\/#\/schema\/logo\/image\/\"},\"sameAs\":[\"https:\/\/www.facebook.com\/MuzejCokoladeZg\/\",\"https:\/\/www.instagram.com\/chocolatemuseumzagreb\/\"]}]}<\/script>\n<!-- \/ Yoast SEO plugin. -->","yoast_head_json":{"title":"General Terms and Conditions | Muzej \u010dokolade Zagreb","robots":{"index":"index","follow":"follow","max-snippet":"max-snippet:-1","max-image-preview":"max-image-preview:large","max-video-preview":"max-video-preview:-1"},"canonical":"https:\/\/muzejcokolade.hr\/opci-uvjeti-poslovanja\/","og_locale":"en_US","og_type":"article","og_title":"General Terms and Conditions | Muzej \u010dokolade Zagreb","og_description":"General Terms and Conditions &nbsp; General Terms and Conditions: Here you can find important information about shopping at Svijet \u010dokolade d.o.o. &nbsp; 1. Concluding a contract By pressing the \"Order\" button, you send a binding order for the goods in the cart. The order confirmation is issued immediately after the order is sent and represents [&hellip;]","og_url":"https:\/\/muzejcokolade.hr\/opci-uvjeti-poslovanja\/","og_site_name":"Muzej \u010dokolade Zagreb","article_publisher":"https:\/\/www.facebook.com\/MuzejCokoladeZg\/","article_modified_time":"2026-01-10T09:55:06+00:00","og_image":[{"url":"https:\/\/muzejcokolade.hr\/wp-content\/uploads\/2021\/05\/discover50.png","type":"","width":"","height":""}],"twitter_card":"summary_large_image","twitter_misc":{"Est. reading time":"7 minutes"},"schema":{"@context":"https:\/\/schema.org","@graph":[{"@type":"WebPage","@id":"https:\/\/muzejcokolade.hr\/opci-uvjeti-poslovanja\/","url":"https:\/\/muzejcokolade.hr\/opci-uvjeti-poslovanja\/","name":"General Terms and Conditions | Muzej \u010dokolade Zagreb","isPartOf":{"@id":"https:\/\/muzejcokolade.hr\/#website"},"primaryImageOfPage":{"@id":"https:\/\/muzejcokolade.hr\/opci-uvjeti-poslovanja\/#primaryimage"},"image":{"@id":"https:\/\/muzejcokolade.hr\/opci-uvjeti-poslovanja\/#primaryimage"},"thumbnailUrl":"https:\/\/muzejcokolade.hr\/wp-content\/uploads\/2021\/05\/discover50.png","datePublished":"2021-06-08T13:44:22+00:00","dateModified":"2026-01-10T09:55:06+00:00","breadcrumb":{"@id":"https:\/\/muzejcokolade.hr\/opci-uvjeti-poslovanja\/#breadcrumb"},"inLanguage":"en-US","potentialAction":[{"@type":"ReadAction","target":["https:\/\/muzejcokolade.hr\/opci-uvjeti-poslovanja\/"]}]},{"@type":"ImageObject","inLanguage":"en-US","@id":"https:\/\/muzejcokolade.hr\/opci-uvjeti-poslovanja\/#primaryimage","url":"https:\/\/muzejcokolade.hr\/wp-content\/uploads\/2021\/05\/discover50.png","contentUrl":"https:\/\/muzejcokolade.hr\/wp-content\/uploads\/2021\/05\/discover50.png"},{"@type":"BreadcrumbList","@id":"https:\/\/muzejcokolade.hr\/opci-uvjeti-poslovanja\/#breadcrumb","itemListElement":[{"@type":"ListItem","position":1,"name":"Po\u010detna stranica","item":"https:\/\/muzejcokolade.hr\/"},{"@type":"ListItem","position":2,"name":"General Terms and Conditions"}]},{"@type":"WebSite","@id":"https:\/\/muzejcokolade.hr\/#website","url":"https:\/\/muzejcokolade.hr\/","name":"Muzej \u010dokolade Zagreb","description":"The sweetest museum in Croatia","publisher":{"@id":"https:\/\/muzejcokolade.hr\/#organization"},"potentialAction":[{"@type":"SearchAction","target":{"@type":"EntryPoint","urlTemplate":"https:\/\/muzejcokolade.hr\/?s={search_term_string}"},"query-input":{"@type":"PropertyValueSpecification","valueRequired":true,"valueName":"search_term_string"}}],"inLanguage":"en-US"},{"@type":"Organization","@id":"https:\/\/muzejcokolade.hr\/#organization","name":"Muzej \u010dokolade Zagreb","url":"https:\/\/muzejcokolade.hr\/","logo":{"@type":"ImageObject","inLanguage":"en-US","@id":"https:\/\/muzejcokolade.hr\/#\/schema\/logo\/image\/","url":"https:\/\/muzejcokolade.hr\/wp-content\/uploads\/2021\/03\/logo.png","contentUrl":"https:\/\/muzejcokolade.hr\/wp-content\/uploads\/2021\/03\/logo.png","width":311,"height":86,"caption":"Muzej \u010dokolade Zagreb"},"image":{"@id":"https:\/\/muzejcokolade.hr\/#\/schema\/logo\/image\/"},"sameAs":["https:\/\/www.facebook.com\/MuzejCokoladeZg\/","https:\/\/www.instagram.com\/chocolatemuseumzagreb\/"]}]}},"_links":{"self":[{"href":"https:\/\/muzejcokolade.hr\/en\/wp-json\/wp\/v2\/pages\/2772","targetHints":{"allow":["GET"]}}],"collection":[{"href":"https:\/\/muzejcokolade.hr\/en\/wp-json\/wp\/v2\/pages"}],"about":[{"href":"https:\/\/muzejcokolade.hr\/en\/wp-json\/wp\/v2\/types\/page"}],"author":[{"embeddable":true,"href":"https:\/\/muzejcokolade.hr\/en\/wp-json\/wp\/v2\/users\/1"}],"replies":[{"embeddable":true,"href":"https:\/\/muzejcokolade.hr\/en\/wp-json\/wp\/v2\/comments?post=2772"}],"version-history":[{"count":29,"href":"https:\/\/muzejcokolade.hr\/en\/wp-json\/wp\/v2\/pages\/2772\/revisions"}],"predecessor-version":[{"id":19227,"href":"https:\/\/muzejcokolade.hr\/en\/wp-json\/wp\/v2\/pages\/2772\/revisions\/19227"}],"wp:attachment":[{"href":"https:\/\/muzejcokolade.hr\/en\/wp-json\/wp\/v2\/media?parent=2772"}],"curies":[{"name":"wp","href":"https:\/\/api.w.org\/{rel}","templated":true}]}}