{"id":3017,"date":"2021-07-07T12:29:32","date_gmt":"2021-07-07T10:29:32","guid":{"rendered":"http:\/\/muzejcokolade.hr\/tour-the-museum-and-taste-chocolate\/"},"modified":"2024-10-08T14:18:02","modified_gmt":"2024-10-08T12:18:02","slug":"tour-the-museum-and-taste-chocolate","status":"publish","type":"page","link":"https:\/\/muzejcokolade.hr\/en\/tour-the-museum-and-taste-chocolate\/","title":{"rendered":"Tour the Museum and Taste Chocolate"},"content":{"rendered":"<p>[et_pb_section fb_built=&#8221;1&#8243; custom_padding_last_edited=&#8221;on|phone&#8221; _builder_version=&#8221;4.16&#8243; _module_preset=&#8221;default&#8221; background_color=&#8221;#f9e4d6&#8243; custom_padding=&#8221;20px||20px||false|false&#8221; custom_padding_tablet=&#8221;&#8221; custom_padding_phone=&#8221;0px||||false|false&#8221; animation_style=&#8221;fade&#8221; animation_duration=&#8221;2000ms&#8221; animation_delay=&#8221;20ms&#8221; global_colors_info=&#8221;{}&#8221;][et_pb_row column_structure=&#8221;1_2,1_2&#8243; custom_padding_last_edited=&#8221;on|phone&#8221; module_class=&#8221;hp-intro-pages flex-center&#8221; _builder_version=&#8221;4.16&#8243; _module_preset=&#8221;default&#8221; width=&#8221;100%&#8221; max_width=&#8221;1700px&#8221; custom_padding_tablet=&#8221;&#8221; custom_padding_phone=&#8221;0px||||false|false&#8221; global_colors_info=&#8221;{}&#8221;][et_pb_column type=&#8221;1_2&#8243; module_class=&#8221;col-one&#8221; _builder_version=&#8221;4.16&#8243; _module_preset=&#8221;default&#8221; global_colors_info=&#8221;{}&#8221;][et_pb_image src=&#8221;https:\/\/muzejcokolade.hr\/wp-content\/uploads\/2021\/04\/obilazak-degustacija.jpg&#8221; alt=&#8221;Tour the Museum and Taste Chocolate&#8221; title_text=&#8221;Tour the Museum and Taste Chocolate&#8221; admin_label=&#8221;Slika&#8221; _builder_version=&#8221;4.16&#8243; _module_preset=&#8221;default&#8221; global_colors_info=&#8221;{}&#8221;][\/et_pb_image][\/et_pb_column][et_pb_column type=&#8221;1_2&#8243; module_class=&#8221;col-two&#8221; _builder_version=&#8221;4.16&#8243; _module_preset=&#8221;default&#8221; background_color=&#8221;#f9e4d6&#8243; animation_style=&#8221;slide&#8221; animation_direction=&#8221;right&#8221; global_colors_info=&#8221;{}&#8221;][et_pb_text admin_label=&#8221;Obilazak uz degustaciju &#8211; naslov&#8221; module_class=&#8221;heading-line&#8221; _builder_version=&#8221;4.16&#8243; _module_preset=&#8221;default&#8221; header_line_height=&#8221;1.2em&#8221; header_font_size_tablet=&#8221;&#8221; header_font_size_phone=&#8221;34px&#8221; header_font_size_last_edited=&#8221;on|phone&#8221; global_colors_info=&#8221;{}&#8221;]<\/p>\n<h1>Tour the Museum and Taste Chocolate<\/h1>\n<p>[\/et_pb_text][et_pb_text admin_label=&#8221;Obilazak uz degustaciju &#8211; tekst&#8221; _builder_version=&#8221;4.19.1&#8243; _module_preset=&#8221;default&#8221; global_colors_info=&#8221;{}&#8221;]<\/p>\n<p>Dive into the history of chocolate, from the ancient Aztecs of Mesoamerica over the Belgian praline to the great English chocolate factories. Taste a cocoa bean, chocolate liquor, ruby chocolate, and molten white chocolate. Grind cacao, stir up a chocolate beverage like the Maya. Sit in a baroque European royal court surrounded by centuries old porcelain, find out who invented rice chocolate, who was the first to make chocolate in Croatia, who brought chocolate to Europe, who was the inspiration for Willy Wonka, and who used cacao as money.<\/p>\n<p>Put the Chocolate Museum Zagreb on the top of your list of things to do in Zagreb, as here you will receive a sample box with nine chosen types of chocolate (a roasted cocoa bean, drops of chocolate mass (100% pure chocolate), dark, milk, white and ruby chocolate as well as a spoon to try three versions of molten chocolate: dark, milk and white chocolate). Every room is a new epoch with new attractions, every room tells a new story, every room has its own taste, every room brings new astonishing historical insights.<\/p>\n<p>Tour the world of chocolate, in Zagreb\u2019s strict city center (two minutes walking distance from the Josip Jela\u010di\u0107 Square, in the sweetest museum in Croatia.<\/p>\n<p>Looking for more travel inspiration? Check out <a href=\"https:\/\/www.momondo.de\/city-guides\/discover-zagreb.7964.guide.ksp\"><b class=\"\"><span class=\"\" lang=\"EN\">momondo\u2019s\u00a0<\/span><\/b><b class=\"\"><span class=\"\" lang=\"EN\">Zagreb<\/span><\/b><b class=\"\"><span class=\"\" lang=\"EN\">Guide<\/span><\/b><\/a>.<\/p>\n<p>&nbsp;<\/p>\n<p><iframe loading=\"lazy\" title=\"Pro\u0161e\u0107i Muzejem \u010dokolade Zagreb i otkrij 10 naj\u010darobnijih kutaka\" width=\"1080\" height=\"608\" src=\"https:\/\/www.youtube.com\/embed\/Uh3A7PlatKE?feature=oembed\"  allow=\"accelerometer; autoplay; clipboard-write; encrypted-media; gyroscope; picture-in-picture\" allowfullscreen><\/iframe><\/p>\n<p>[\/et_pb_text][\/et_pb_column][\/et_pb_row][\/et_pb_section][et_pb_section fb_built=&#8221;1&#8243; _builder_version=&#8221;4.16&#8243; _module_preset=&#8221;default&#8221; background_color=&#8221;#f9e4d6&#8243; custom_padding=&#8221;20px||20px||false|false&#8221; animation_style=&#8221;fade&#8221; animation_duration=&#8221;2000ms&#8221; animation_delay=&#8221;20ms&#8221; global_colors_info=&#8221;{}&#8221;][et_pb_row custom_padding_last_edited=&#8221;on|tablet&#8221; _builder_version=&#8221;4.16&#8243; _module_preset=&#8221;default&#8221; custom_padding=&#8221;50px|100px|50px|100px|false|false&#8221; custom_padding_tablet=&#8221;20px|20px|20px|20px|false|false&#8221; custom_padding_phone=&#8221;20px|20px|20px|20px|false|false&#8221; animation_style=&#8221;slide&#8221; animation_direction=&#8221;bottom&#8221; border_width_all=&#8221;10px&#8221; border_color_all=&#8221;#f0b4a5&#8243; border_width_all_tablet=&#8221;&#8221; border_width_all_phone=&#8221;5px&#8221; border_width_all_last_edited=&#8221;on|phone&#8221; global_colors_info=&#8221;{}&#8221;][et_pb_column type=&#8221;4_4&#8243; _builder_version=&#8221;4.16&#8243; _module_preset=&#8221;default&#8221; global_colors_info=&#8221;{}&#8221;][et_pb_text admin_label=&#8221;Podnaslov &#8211; tekst&#8221; _builder_version=&#8221;4.19.1&#8243; _module_preset=&#8221;default&#8221; header_2_font=&#8221;|600|||||||&#8221; header_2_text_color=&#8221;#7b615a&#8221; header_2_font_size=&#8221;24px&#8221; header_2_line_height=&#8221;1.4em&#8221; global_colors_info=&#8221;{}&#8221;]<\/p>\n<h2>Tasting<\/h2>\n<p>The process of evaluating food and beverages using the sense of sights, touch, smell, and taste. The focus isn\u2019t on the act of eating or drinking, rather on the conscious degustation maximizing the experience of taste and aroma.<\/p>\n<p>In the Chocolate Museum Zagreb, you will taste a roasted cacao bean, solid dark, milk, white and ruby chocolate, chocolate mass (100% chocolate) and molten dark, milk, and white chocolate.<\/p>\n<p>[\/et_pb_text][\/et_pb_column][\/et_pb_row][\/et_pb_section][et_pb_section fb_built=&#8221;1&#8243; _builder_version=&#8221;4.16&#8243; _module_preset=&#8221;default&#8221; background_color=&#8221;#f9e4d6&#8243; custom_padding=&#8221;0px||20px||false|false&#8221; global_colors_info=&#8221;{}&#8221;][et_pb_row _builder_version=&#8221;4.16&#8243; _module_preset=&#8221;default&#8221; global_colors_info=&#8221;{}&#8221;][et_pb_column type=&#8221;4_4&#8243; _builder_version=&#8221;4.16&#8243; _module_preset=&#8221;default&#8221; global_colors_info=&#8221;{}&#8221;][et_pb_button button_url=&#8221;@ET-DC@eyJkeW5hbWljIjp0cnVlLCJjb250ZW50IjoiaG9tZV91cmwiLCJzZXR0aW5ncyI6W119@&#8221; button_text=&#8221;Back to Home Page&#8221; admin_label=&#8221;Povratak na po\u010detnu &#8211; link&#8221; _builder_version=&#8221;4.16&#8243; _dynamic_attributes=&#8221;button_url&#8221; _module_preset=&#8221;default&#8221; custom_button=&#8221;on&#8221; button_text_color=&#8221;#FFFFFF&#8221; button_bg_color=&#8221;#f0b4a5&#8243; button_icon=&#8221;&#x34;||divi||400&#8243; button_icon_placement=&#8221;left&#8221; global_colors_info=&#8221;{}&#8221; custom_padding__hover_enabled=&#8221;on|hover&#8221; button_bg_color__hover=&#8221;#7b615a&#8221; button_bg_color__hover_enabled=&#8221;on|desktop&#8221; custom_padding__hover=&#8221;16px|53px|14px|53px|false|false&#8221;][\/et_pb_button][\/et_pb_column][\/et_pb_row][\/et_pb_section]<\/p>\n","protected":false},"excerpt":{"rendered":"<p>Tour the Museum and Taste ChocolateDive into the history of chocolate, from the ancient Aztecs of Mesoamerica over the Belgian praline to the great English chocolate factories. Taste a cocoa bean, chocolate liquor, ruby chocolate, and molten white chocolate. Grind cacao, stir up a chocolate beverage like the Maya. Sit in a baroque European royal [&hellip;]<\/p>\n","protected":false},"author":1,"featured_media":0,"parent":0,"menu_order":0,"comment_status":"closed","ping_status":"closed","template":"","meta":{"_acf_changed":false,"_et_pb_use_builder":"on","_et_pb_old_content":"","_et_gb_content_width":"","footnotes":""},"class_list":["post-3017","page","type-page","status-publish","hentry"],"acf":[],"yoast_head":"<!-- This site is optimized with the Yoast SEO plugin v25.3.1 - https:\/\/yoast.com\/wordpress\/plugins\/seo\/ -->\n<title>Tour the Museum and Taste Chocolate | Muzej \u010dokolade Zagreb<\/title>\n<meta name=\"description\" content=\"You will receive a sample box with nine chosen types of chocolate. Tour the world of chocolate, in Zagreb\u2019s strict city center.\" \/>\n<meta name=\"robots\" content=\"index, follow, max-snippet:-1, max-image-preview:large, max-video-preview:-1\" \/>\n<link rel=\"canonical\" href=\"https:\/\/muzejcokolade.hr\/obilazak-muzeja-uz-degustaciju\/\" \/>\n<meta property=\"og:locale\" content=\"en_US\" \/>\n<meta property=\"og:type\" content=\"article\" \/>\n<meta property=\"og:title\" content=\"Tour the Museum and Taste Chocolate | Muzej \u010dokolade Zagreb\" \/>\n<meta property=\"og:description\" content=\"You will receive a sample box with nine chosen types of chocolate. Tour the world of chocolate, in Zagreb\u2019s strict city center.\" \/>\n<meta property=\"og:url\" content=\"https:\/\/muzejcokolade.hr\/obilazak-muzeja-uz-degustaciju\/\" \/>\n<meta property=\"og:site_name\" content=\"Muzej \u010dokolade Zagreb\" \/>\n<meta property=\"article:publisher\" content=\"https:\/\/www.facebook.com\/MuzejCokoladeZg\/\" \/>\n<meta property=\"article:modified_time\" content=\"2024-10-08T12:18:02+00:00\" \/>\n<meta property=\"og:image\" content=\"https:\/\/muzejcokolade.hr\/wp-content\/uploads\/2021\/07\/muzej-cokolade-zagreb.jpg\" \/>\n\t<meta property=\"og:image:width\" content=\"200\" \/>\n\t<meta property=\"og:image:height\" content=\"200\" \/>\n\t<meta property=\"og:image:type\" content=\"image\/jpeg\" \/>\n<meta name=\"twitter:card\" content=\"summary_large_image\" \/>\n<meta name=\"twitter:label1\" content=\"Est. reading time\" \/>\n\t<meta name=\"twitter:data1\" content=\"4 minutes\" \/>\n<script type=\"application\/ld+json\" class=\"yoast-schema-graph\">{\"@context\":\"https:\/\/schema.org\",\"@graph\":[{\"@type\":\"WebPage\",\"@id\":\"https:\/\/muzejcokolade.hr\/obilazak-muzeja-uz-degustaciju\/\",\"url\":\"https:\/\/muzejcokolade.hr\/obilazak-muzeja-uz-degustaciju\/\",\"name\":\"Tour the Museum and Taste Chocolate | Muzej \u010dokolade Zagreb\",\"isPartOf\":{\"@id\":\"https:\/\/muzejcokolade.hr\/#website\"},\"datePublished\":\"2021-07-07T10:29:32+00:00\",\"dateModified\":\"2024-10-08T12:18:02+00:00\",\"description\":\"You will receive a sample box with nine chosen types of chocolate. Tour the world of chocolate, in Zagreb\u2019s strict city center.\",\"breadcrumb\":{\"@id\":\"https:\/\/muzejcokolade.hr\/obilazak-muzeja-uz-degustaciju\/#breadcrumb\"},\"inLanguage\":\"en-US\",\"potentialAction\":[{\"@type\":\"ReadAction\",\"target\":[\"https:\/\/muzejcokolade.hr\/obilazak-muzeja-uz-degustaciju\/\"]}]},{\"@type\":\"BreadcrumbList\",\"@id\":\"https:\/\/muzejcokolade.hr\/obilazak-muzeja-uz-degustaciju\/#breadcrumb\",\"itemListElement\":[{\"@type\":\"ListItem\",\"position\":1,\"name\":\"Po\u010detna stranica\",\"item\":\"https:\/\/muzejcokolade.hr\/\"},{\"@type\":\"ListItem\",\"position\":2,\"name\":\"Tour the Museum and Taste Chocolate\"}]},{\"@type\":\"WebSite\",\"@id\":\"https:\/\/muzejcokolade.hr\/#website\",\"url\":\"https:\/\/muzejcokolade.hr\/\",\"name\":\"Muzej \u010dokolade Zagreb\",\"description\":\"The sweetest museum in Croatia\",\"publisher\":{\"@id\":\"https:\/\/muzejcokolade.hr\/#organization\"},\"potentialAction\":[{\"@type\":\"SearchAction\",\"target\":{\"@type\":\"EntryPoint\",\"urlTemplate\":\"https:\/\/muzejcokolade.hr\/?s={search_term_string}\"},\"query-input\":{\"@type\":\"PropertyValueSpecification\",\"valueRequired\":true,\"valueName\":\"search_term_string\"}}],\"inLanguage\":\"en-US\"},{\"@type\":\"Organization\",\"@id\":\"https:\/\/muzejcokolade.hr\/#organization\",\"name\":\"Muzej \u010dokolade Zagreb\",\"url\":\"https:\/\/muzejcokolade.hr\/\",\"logo\":{\"@type\":\"ImageObject\",\"inLanguage\":\"en-US\",\"@id\":\"https:\/\/muzejcokolade.hr\/#\/schema\/logo\/image\/\",\"url\":\"https:\/\/muzejcokolade.hr\/wp-content\/uploads\/2021\/03\/logo.png\",\"contentUrl\":\"https:\/\/muzejcokolade.hr\/wp-content\/uploads\/2021\/03\/logo.png\",\"width\":311,\"height\":86,\"caption\":\"Muzej \u010dokolade Zagreb\"},\"image\":{\"@id\":\"https:\/\/muzejcokolade.hr\/#\/schema\/logo\/image\/\"},\"sameAs\":[\"https:\/\/www.facebook.com\/MuzejCokoladeZg\/\",\"https:\/\/www.instagram.com\/chocolatemuseumzagreb\/\"]}]}<\/script>\n<!-- \/ Yoast SEO plugin. -->","yoast_head_json":{"title":"Tour the Museum and Taste Chocolate | Muzej \u010dokolade Zagreb","description":"You will receive a sample box with nine chosen types of chocolate. Tour the world of chocolate, in Zagreb\u2019s strict city center.","robots":{"index":"index","follow":"follow","max-snippet":"max-snippet:-1","max-image-preview":"max-image-preview:large","max-video-preview":"max-video-preview:-1"},"canonical":"https:\/\/muzejcokolade.hr\/obilazak-muzeja-uz-degustaciju\/","og_locale":"en_US","og_type":"article","og_title":"Tour the Museum and Taste Chocolate | Muzej \u010dokolade Zagreb","og_description":"You will receive a sample box with nine chosen types of chocolate. Tour the world of chocolate, in Zagreb\u2019s strict city center.","og_url":"https:\/\/muzejcokolade.hr\/obilazak-muzeja-uz-degustaciju\/","og_site_name":"Muzej \u010dokolade Zagreb","article_publisher":"https:\/\/www.facebook.com\/MuzejCokoladeZg\/","article_modified_time":"2024-10-08T12:18:02+00:00","og_image":[{"width":200,"height":200,"url":"https:\/\/muzejcokolade.hr\/wp-content\/uploads\/2021\/07\/muzej-cokolade-zagreb.jpg","type":"image\/jpeg"}],"twitter_card":"summary_large_image","twitter_misc":{"Est. reading time":"4 minutes"},"schema":{"@context":"https:\/\/schema.org","@graph":[{"@type":"WebPage","@id":"https:\/\/muzejcokolade.hr\/obilazak-muzeja-uz-degustaciju\/","url":"https:\/\/muzejcokolade.hr\/obilazak-muzeja-uz-degustaciju\/","name":"Tour the Museum and Taste Chocolate | Muzej \u010dokolade Zagreb","isPartOf":{"@id":"https:\/\/muzejcokolade.hr\/#website"},"datePublished":"2021-07-07T10:29:32+00:00","dateModified":"2024-10-08T12:18:02+00:00","description":"You will receive a sample box with nine chosen types of chocolate. Tour the world of chocolate, in Zagreb\u2019s strict city center.","breadcrumb":{"@id":"https:\/\/muzejcokolade.hr\/obilazak-muzeja-uz-degustaciju\/#breadcrumb"},"inLanguage":"en-US","potentialAction":[{"@type":"ReadAction","target":["https:\/\/muzejcokolade.hr\/obilazak-muzeja-uz-degustaciju\/"]}]},{"@type":"BreadcrumbList","@id":"https:\/\/muzejcokolade.hr\/obilazak-muzeja-uz-degustaciju\/#breadcrumb","itemListElement":[{"@type":"ListItem","position":1,"name":"Po\u010detna stranica","item":"https:\/\/muzejcokolade.hr\/"},{"@type":"ListItem","position":2,"name":"Tour the Museum and Taste Chocolate"}]},{"@type":"WebSite","@id":"https:\/\/muzejcokolade.hr\/#website","url":"https:\/\/muzejcokolade.hr\/","name":"Muzej \u010dokolade Zagreb","description":"The sweetest museum in Croatia","publisher":{"@id":"https:\/\/muzejcokolade.hr\/#organization"},"potentialAction":[{"@type":"SearchAction","target":{"@type":"EntryPoint","urlTemplate":"https:\/\/muzejcokolade.hr\/?s={search_term_string}"},"query-input":{"@type":"PropertyValueSpecification","valueRequired":true,"valueName":"search_term_string"}}],"inLanguage":"en-US"},{"@type":"Organization","@id":"https:\/\/muzejcokolade.hr\/#organization","name":"Muzej \u010dokolade Zagreb","url":"https:\/\/muzejcokolade.hr\/","logo":{"@type":"ImageObject","inLanguage":"en-US","@id":"https:\/\/muzejcokolade.hr\/#\/schema\/logo\/image\/","url":"https:\/\/muzejcokolade.hr\/wp-content\/uploads\/2021\/03\/logo.png","contentUrl":"https:\/\/muzejcokolade.hr\/wp-content\/uploads\/2021\/03\/logo.png","width":311,"height":86,"caption":"Muzej \u010dokolade Zagreb"},"image":{"@id":"https:\/\/muzejcokolade.hr\/#\/schema\/logo\/image\/"},"sameAs":["https:\/\/www.facebook.com\/MuzejCokoladeZg\/","https:\/\/www.instagram.com\/chocolatemuseumzagreb\/"]}]}},"_links":{"self":[{"href":"https:\/\/muzejcokolade.hr\/en\/wp-json\/wp\/v2\/pages\/3017","targetHints":{"allow":["GET"]}}],"collection":[{"href":"https:\/\/muzejcokolade.hr\/en\/wp-json\/wp\/v2\/pages"}],"about":[{"href":"https:\/\/muzejcokolade.hr\/en\/wp-json\/wp\/v2\/types\/page"}],"author":[{"embeddable":true,"href":"https:\/\/muzejcokolade.hr\/en\/wp-json\/wp\/v2\/users\/1"}],"replies":[{"embeddable":true,"href":"https:\/\/muzejcokolade.hr\/en\/wp-json\/wp\/v2\/comments?post=3017"}],"version-history":[{"count":34,"href":"https:\/\/muzejcokolade.hr\/en\/wp-json\/wp\/v2\/pages\/3017\/revisions"}],"predecessor-version":[{"id":14129,"href":"https:\/\/muzejcokolade.hr\/en\/wp-json\/wp\/v2\/pages\/3017\/revisions\/14129"}],"wp:attachment":[{"href":"https:\/\/muzejcokolade.hr\/en\/wp-json\/wp\/v2\/media?parent=3017"}],"curies":[{"name":"wp","href":"https:\/\/api.w.org\/{rel}","templated":true}]}}